{"id":7,"date":"2022-04-28T15:11:44","date_gmt":"2022-04-28T13:11:44","guid":{"rendered":"https:\/\/www.formes-vives.org\/filloque-zammit\/?page_id=7"},"modified":"2022-06-05T13:38:26","modified_gmt":"2022-06-05T11:38:26","slug":"a-propos","status":"publish","type":"page","link":"https:\/\/www.formes-vives.org\/filloque-zammit\/a-propos\/","title":{"rendered":"\u00e0 propos"},"content":{"rendered":"<p>\u2014 J\u2019aime assez le terme \u00abgraphiste-plasticien\u00b7ne\u00bb, \u00e7a raconte qu\u2019on est designers graphiques et artistes visuels \u00e0 la fois.<br \/>\n\u2014 Graphistes-dessinateurs plut\u00f4t\u2009? Mais \u00ab artistes\u00bb c&rsquo;est plus simple, c&rsquo;est \u00e9pic\u00e8ne. Et faut pas zapper les dynamiques politiques dans lesquelles on reste inscrits, en lien avec des collectifs activistes, d\u2019autres artistes et des institutions d\u2019utilit\u00e9 publique.<br \/>\n\u2014 M\u00eame si Formes Vives* n\u2019existe plus, finalement ce qu\u2019on continue de\u00a0faire c\u2019est juste la suite.<br \/>\n\u2014 Ouep, et m\u00eame si chacun a ses propres commandes et que nos collaborations sont moins syst\u00e9matiques, on traite des sujets et des supports qui sont toujours proches.<br \/>\n\u2014 Et en embarquant des ami\u00b7es en commun** aussi\u2009! \u00c7a c\u2019est dr\u00f4le\u2009!<br \/>\n\u2014 Au final, on fait un site ensemble, \u00e7a nous semble moins triste ou bizarre que chacun dans son coin.<\/p>\n<h6>*<a href=\"http:\/\/formes-vives.org\/\">Formes Vives<\/a> est un collectif cr\u00e9\u00e9 sur les bancs des Arts D\u00e9co de Paris, actif \u00e0 plein temps entre 2007 et 2020, avec <a href=\"http:\/\/geoffroypithon.net\/\">Geoffroy Pithon<\/a> \u00e0 partir de 2012. \u00c7a a plut\u00f4t tr\u00e8s bien march\u00e9 pour nous mais au fil du temps les affinit\u00e9s se sont \u00e9mouss\u00e9es, nos d\u00e9sirs ont trop diverg\u00e9s, et l\u2019ann\u00e9e chelou 2020 est arriv\u00e9e \u00e0 point nomm\u00e9 pour passez \u00e0 autre chose.<br \/>\n**Claire Malvolti, <a href=\"https:\/\/www.instagram.com\/barbieri_puccini\/\">Elisabetta Spaggiari<\/a>, <a href=\"https:\/\/www.theatredugrain.com\/\">le Th\u00e9\u00e2tre du Grain<\/a>, Ga\u00ebtan Pinvidic &amp; Sharjeel Anjum, <a href=\"https:\/\/www.instagram.com\/codooooooooo\/\">Jean Farineau-Secco<\/a>, Mathieu Muin, <a href=\"http:\/\/compagniegigotbitume.com\">Ronan le Fur<\/a>, <a href=\"http:\/\/www.julienrodriguez.fr\">Julien Rodriguez<\/a> (d\u00e9veloppeur du pr\u00e9sent site), <a href=\"https:\/\/www.waldeckneel.fr\/\">Waldeck N\u00e9el<\/a>, <a href=\"http:\/\/lafoliekilometre.org\/\">La Folie Kilom\u00e8tre<\/a>, Alexis Feix, <a href=\"http:\/\/www.collectifetc.com\/\">le Collectif ETC<\/a>, <a href=\"https:\/\/carton-plein.org\/\">Carton Plein<\/a>, <a href=\"http:\/\/ruralcombo.fr\/\">Rural Combo<\/a>.<\/h6>\n","protected":false},"excerpt":{"rendered":"<p>\u2014 J\u2019aime assez le terme \u00abgraphiste-plasticien\u00b7ne\u00bb, \u00e7a raconte qu\u2019on est designers graphiques et artistes visuels \u00e0 la fois. \u2014 Graphistes-dessinateurs plut\u00f4t\u2009? Mais \u00ab artistes\u00bb c&rsquo;est plus simple, c&rsquo;est \u00e9pic\u00e8ne. Et faut pas zapper les dynamiques politiques dans lesquelles on reste inscrits, en lien avec des collectifs activistes, d\u2019autres artistes et des institutions d\u2019utilit\u00e9 publique. \u2014 [&hellip;]<\/p>\n","protected":false},"author":1,"featured_media":0,"parent":0,"menu_order":0,"comment_status":"closed","ping_status":"closed","template":"","meta":{"footnotes":""},"class_list":["post-7","page","type-page","status-publish","hentry"],"acf":[],"_links":{"self":[{"href":"https:\/\/www.formes-vives.org\/filloque-zammit\/wp-json\/wp\/v2\/pages\/7","targetHints":{"allow":["GET"]}}],"collection":[{"href":"https:\/\/www.formes-vives.org\/filloque-zammit\/wp-json\/wp\/v2\/pages"}],"about":[{"href":"https:\/\/www.formes-vives.org\/filloque-zammit\/wp-json\/wp\/v2\/types\/page"}],"author":[{"embeddable":true,"href":"https:\/\/www.formes-vives.org\/filloque-zammit\/wp-json\/wp\/v2\/users\/1"}],"replies":[{"embeddable":true,"href":"https:\/\/www.formes-vives.org\/filloque-zammit\/wp-json\/wp\/v2\/comments?post=7"}],"version-history":[{"count":12,"href":"https:\/\/www.formes-vives.org\/filloque-zammit\/wp-json\/wp\/v2\/pages\/7\/revisions"}],"predecessor-version":[{"id":494,"href":"https:\/\/www.formes-vives.org\/filloque-zammit\/wp-json\/wp\/v2\/pages\/7\/revisions\/494"}],"wp:attachment":[{"href":"https:\/\/www.formes-vives.org\/filloque-zammit\/wp-json\/wp\/v2\/media?parent=7"}],"curies":[{"name":"wp","href":"https:\/\/api.w.org\/{rel}","templated":true}]}}